{"id":510,"date":"2025-12-01T13:07:53","date_gmt":"2025-12-01T13:07:53","guid":{"rendered":"https:\/\/nevistan.com\/?page_id=510"},"modified":"2026-02-09T13:13:42","modified_gmt":"2026-02-09T13:13:42","slug":"duygu-ilani-olustur","status":"publish","type":"page","link":"https:\/\/nevistan.com\/?page_id=510","title":{"rendered":"Duygu \u0130lan\u0131 Olu\u015ftur"},"content":{"rendered":"    <div class=\"duygu-ilani-wrapper\">\r\n        <div class=\"container\">\r\n            <h2>\ud83d\udc8c Duygu \u0130lan\u0131 Olu\u015ftur<\/h2>\r\n\r\n            <label for=\"duygu-name\">Kime g\u00f6nderiyorsun?<\/label>\r\n            <input type=\"text\" id=\"duygu-name\" placeholder=\"\u0130sim yaz\u0131n...\" maxlength=\"50\">\r\n\r\n            <label for=\"duygu-message\">\u0130lan T\u00fcr\u00fc:<\/label>\r\n            <select id=\"duygu-message\">\r\n                <option value=\"Seni Seviyorum\">Seni seviyorum<\/option>\r\n                <option value=\"\u00d6z\u00fcr Dilerim\">\u00d6z\u00fcr dilerim<\/option>\r\n                <option value=\"Benimle Evlenir misin\">Benimle evlenir misin?<\/option>\r\n                <option value=\"Te\u015fekk\u00fcr Ederim\">Te\u015fekk\u00fcr ederim<\/option>\r\n                <option value=\"Seni \u00d6zledim\">Seni \u00f6zledim<\/option>\r\n                <option value=\"Seni D\u00fc\u015f\u00fcn\u00fcyorum\">Seni d\u00fc\u015f\u00fcn\u00fcyorum<\/option>\r\n                <option value=\"Do\u011fum G\u00fcn\u00fcn Kutlu Olsun\">Do\u011fum g\u00fcn\u00fcn kutlu olsun<\/option>\r\n                <option value=\"\u0130yi ki Vars\u0131n\">\u0130yi ki vars\u0131n<\/option>\r\n                <option value=\"Ba\u015far\u0131lar Dilerim\">Ba\u015far\u0131lar dilerim<\/option>\r\n                <option value=\"Ge\u00e7mi\u015f Olsun\">Ge\u00e7mi\u015f olsun<\/option>\r\n                <option value=\"Tebrikler\">Tebrikler<\/option>\r\n                <option value=\"Beni Affeder misin?\">Beni affeder misin?<\/option>\r\n                <option value=\"Sana G\u00fcveniyorum\">Sana g\u00fcveniyorum<\/option>\r\n                <option value=\"Di\u011fer\">Di\u011fer (Kendin Yaz)<\/option>\r\n            <\/select>\r\n\r\n            <div id=\"duygu-customMessageDiv\" style=\"display: none; margin-top: 10px;\">\r\n                <label for=\"duygu-customMessageInput\">\u00d6zel Mesaj\u0131n:<\/label>\r\n                <input type=\"text\" id=\"duygu-customMessageInput\" placeholder=\"Mesaj\u0131n\u0131 buraya yaz...\" maxlength=\"100\">\r\n            <\/div>\r\n\r\n            <div class=\"credit\">Bu ilan t\u00fcrleri Nevist\u00e2n taraf\u0131ndan se\u00e7ilmi\u015ftir \ud83d\udcab<\/div>\r\n\r\n            <label for=\"duygu-emoji\">Emoji:<\/label>\r\n\r\n            <div class=\"emoji-wrapper\">\r\n                <div id=\"duygu-emoji-display\" class=\"emoji-display\">\r\n                    <img decoding=\"async\" id=\"duygu-emoji-img\" src=\"https:\/\/nevistan.com\/wp-content\/plugins\/nevistan-duygu-ilani\/assets\/svg\/heart.svg\" alt=\"Emoji\">\r\n                    <span id=\"duygu-emoji-text\">Kalp<\/span>\r\n                <\/div>\r\n\r\n                <select id=\"duygu-emoji\">\r\n                    <option value=\"sad\" data-svg=\"https:\/\/nevistan.com\/wp-content\/plugins\/nevistan-duygu-ilani\/assets\/svg\/sad.svg\">\u00dczg\u00fcn<\/option>\r\n                    <option value=\"happy\" data-svg=\"https:\/\/nevistan.com\/wp-content\/plugins\/nevistan-duygu-ilani\/assets\/svg\/happy.svg\">Mutlu<\/option>\r\n                    <option value=\"heart\" data-svg=\"https:\/\/nevistan.com\/wp-content\/plugins\/nevistan-duygu-ilani\/assets\/svg\/heart.svg\" selected>Kalp<\/option>\r\n                    <option value=\"star\" data-svg=\"https:\/\/nevistan.com\/wp-content\/plugins\/nevistan-duygu-ilani\/assets\/svg\/star.svg\">Y\u0131ld\u0131z<\/option>\r\n                    <option value=\"happy1\" data-svg=\"https:\/\/nevistan.com\/wp-content\/plugins\/nevistan-duygu-ilani\/assets\/svg\/happy1.svg\">G\u00fclen<\/option>\r\n                    <option value=\"sad1\" data-svg=\"https:\/\/nevistan.com\/wp-content\/plugins\/nevistan-duygu-ilani\/assets\/svg\/sad1.svg\">Dertli<\/option>\r\n                    <option value=\"heart_emoji\" data-svg=\"https:\/\/nevistan.com\/wp-content\/plugins\/nevistan-duygu-ilani\/assets\/svg\/heart_emoji.svg\">Kalpli<\/option>\r\n                    <option value=\"aglak_emoji\" data-svg=\"https:\/\/nevistan.com\/wp-content\/plugins\/nevistan-duygu-ilani\/assets\/svg\/aglak_emoji.svg\">A\u011flak<\/option>\r\n                    <option value=\"cake\" data-svg=\"https:\/\/nevistan.com\/wp-content\/plugins\/nevistan-duygu-ilani\/assets\/svg\/cake.svg\">Pasta<\/option>\r\n                    <option value=\"clap\" data-svg=\"https:\/\/nevistan.com\/wp-content\/plugins\/nevistan-duygu-ilani\/assets\/svg\/clap.svg\">Alk\u0131\u015f<\/option>\r\n                    <option value=\"ring\" data-svg=\"https:\/\/nevistan.com\/wp-content\/plugins\/nevistan-duygu-ilani\/assets\/svg\/ring.svg\">Y\u00fcz\u00fck<\/option>\r\n                    <option value=\"confetti\" data-svg=\"https:\/\/nevistan.com\/wp-content\/plugins\/nevistan-duygu-ilani\/assets\/svg\/confetti.svg\">Konfeti<\/option>\r\n                    <option value=\"kiss\" data-svg=\"https:\/\/nevistan.com\/wp-content\/plugins\/nevistan-duygu-ilani\/assets\/svg\/kiss.svg\">\u00d6p\u00fcc\u00fck<\/option>\r\n                    <option value=\"tongue\" data-svg=\"https:\/\/nevistan.com\/wp-content\/plugins\/nevistan-duygu-ilani\/assets\/svg\/tongue.svg\">Dil<\/option>\r\n                <\/select>\r\n            <\/div>\r\n\r\n            <label for=\"duygu-theme\">Tema:<\/label>\r\n            <select id=\"duygu-theme\">\r\n                <option value=\"love\">Sevgi Temas\u0131<\/option>\r\n                <option value=\"sad\">\u00dczg\u00fcn Tema<\/option>\r\n                <option value=\"plain\">Sade Tema<\/option>\r\n                <option value=\"sunset\">G\u00fcn Bat\u0131m\u0131<\/option>\r\n                <option value=\"ocean\">Okyanus<\/option>\r\n                <option value=\"forest\">Orman<\/option>\r\n                <option value=\"galaxy\">Galaksi<\/option>\r\n                <option value=\"autumn\">Sonbahar<\/option>\r\n                <option value=\"spring\">\u0130lkbahar<\/option>\r\n            <\/select>\r\n\r\n            <label for=\"duygu-customMessageText\">\u00d6zel Mesaj\u0131n (\u0130ste\u011fe Ba\u011fl\u0131):<\/label>\r\n            <textarea id=\"duygu-customMessageText\" placeholder=\"Kendi mesaj\u0131n\u0131 buraya yaz... \ud83d\udcad\" maxlength=\"300\" rows=\"3\"><\/textarea>\r\n\r\n            <button id=\"duygu-generateBtn\">\ud83d\udd17 Link Olu\u015ftur<\/button>\r\n\r\n            <div class=\"link-container\" id=\"duygu-linkContainer\" style=\"display: none;\">\r\n                <p style=\"color: #4CAF50; font-weight: 600; margin-bottom: 8px;\">\u2705 Link olu\u015fturuldu!<\/p>\r\n                <div class=\"generated-link\" id=\"duygu-generatedLink\"><\/div>\r\n                <button class=\"copy-btn\" id=\"duygu-copyBtn\">\ud83d\udccb Linki Kopyala<\/button>\r\n                <p class=\"note\">Bu linki sevdi\u011finiz ki\u015fiye g\u00f6nderin \ud83d\udc8c<\/p>\r\n            <\/div>\r\n        <\/div>\r\n    <\/div>\r\n    \n\n\n\n<h3 class=\"wp-block-heading\">Proje tan\u0131t\u0131m yaz\u0131s\u0131 i\u00e7in <a href=\"https:\/\/nevistan.com\/?p=712\">t\u0131klay\u0131n\u0131z.<\/a><\/h3>\n","protected":false},"excerpt":{"rendered":"<p>Proje tan\u0131t\u0131m yaz\u0131s\u0131 i\u00e7in t\u0131klay\u0131n\u0131z.<\/p>\n","protected":false},"author":2,"featured_media":0,"parent":449,"menu_order":0,"comment_status":"closed","ping_status":"closed","template":"","meta":{"footnotes":""},"class_list":["post-510","page","type-page","status-publish","hentry","has-single-img"],"yoast_head":"<!-- This site is optimized with the Yoast SEO plugin v27.1.1 - https:\/\/yoast.com\/product\/yoast-seo-wordpress\/ -->\n<title>Duygu \u0130lan\u0131 Olu\u015ftur - Nevist\u00e2n<\/title>\n<meta name=\"description\" content=\"Duygular\u0131n\u0131z\u0131 ki\u015fiye \u00f6zel ilan edebilece\u011finiz bir sayfa haz\u0131rlay\u0131n.\" \/>\n<meta name=\"robots\" content=\"index, follow, max-snippet:-1, max-image-preview:large, max-video-preview:-1\" \/>\n<link rel=\"canonical\" href=\"https:\/\/nevistan.com\/?page_id=510\" \/>\n<meta property=\"og:locale\" content=\"tr_TR\" \/>\n<meta property=\"og:type\" content=\"article\" \/>\n<meta property=\"og:title\" content=\"Duygu \u0130lan\u0131 Olu\u015ftur - Nevist\u00e2n\" \/>\n<meta property=\"og:description\" content=\"Duygular\u0131n\u0131z\u0131 ki\u015fiye \u00f6zel ilan edebilece\u011finiz bir sayfa haz\u0131rlay\u0131n.\" \/>\n<meta property=\"og:url\" content=\"https:\/\/nevistan.com\/?page_id=510\" \/>\n<meta property=\"og:site_name\" content=\"Nevist\u00e2n\" \/>\n<meta property=\"article:modified_time\" content=\"2026-02-09T13:13:42+00:00\" \/>\n<meta name=\"twitter:card\" content=\"summary_large_image\" \/>\n<meta name=\"twitter:label1\" content=\"Tahmini okuma s\u00fcresi\" \/>\n\t<meta name=\"twitter:data1\" content=\"1 dakika\" \/>\n<script type=\"application\/ld+json\" class=\"yoast-schema-graph\">{\"@context\":\"https:\/\/schema.org\",\"@graph\":[{\"@type\":\"WebPage\",\"@id\":\"https:\/\/nevistan.com\/?page_id=510\",\"url\":\"https:\/\/nevistan.com\/?page_id=510\",\"name\":\"Duygu \u0130lan\u0131 Olu\u015ftur - Nevist\u00e2n\",\"isPartOf\":{\"@id\":\"https:\/\/nevistan.com\/#website\"},\"datePublished\":\"2025-12-01T13:07:53+00:00\",\"dateModified\":\"2026-02-09T13:13:42+00:00\",\"description\":\"Duygular\u0131n\u0131z\u0131 ki\u015fiye \u00f6zel ilan edebilece\u011finiz bir sayfa haz\u0131rlay\u0131n.\",\"breadcrumb\":{\"@id\":\"https:\/\/nevistan.com\/?page_id=510#breadcrumb\"},\"inLanguage\":\"tr\",\"potentialAction\":[{\"@type\":\"ReadAction\",\"target\":[\"https:\/\/nevistan.com\/?page_id=510\"]}]},{\"@type\":\"BreadcrumbList\",\"@id\":\"https:\/\/nevistan.com\/?page_id=510#breadcrumb\",\"itemListElement\":[{\"@type\":\"ListItem\",\"position\":1,\"name\":\"Anasayfa\",\"item\":\"https:\/\/nevistan.com\/\"},{\"@type\":\"ListItem\",\"position\":2,\"name\":\"Yaz\u0131l\u0131m\",\"item\":\"https:\/\/nevistan.com\/?page_id=449\"},{\"@type\":\"ListItem\",\"position\":3,\"name\":\"Duygu \u0130lan\u0131 Olu\u015ftur\"}]},{\"@type\":\"WebSite\",\"@id\":\"https:\/\/nevistan.com\/#website\",\"url\":\"https:\/\/nevistan.com\/\",\"name\":\"nevistan\",\"description\":\"\",\"potentialAction\":[{\"@type\":\"SearchAction\",\"target\":{\"@type\":\"EntryPoint\",\"urlTemplate\":\"https:\/\/nevistan.com\/?s={search_term_string}\"},\"query-input\":{\"@type\":\"PropertyValueSpecification\",\"valueRequired\":true,\"valueName\":\"search_term_string\"}}],\"inLanguage\":\"tr\"}]}<\/script>\n<!-- \/ Yoast SEO plugin. -->","yoast_head_json":{"title":"Duygu \u0130lan\u0131 Olu\u015ftur - Nevist\u00e2n","description":"Duygular\u0131n\u0131z\u0131 ki\u015fiye \u00f6zel ilan edebilece\u011finiz bir sayfa haz\u0131rlay\u0131n.","robots":{"index":"index","follow":"follow","max-snippet":"max-snippet:-1","max-image-preview":"max-image-preview:large","max-video-preview":"max-video-preview:-1"},"canonical":"https:\/\/nevistan.com\/?page_id=510","og_locale":"tr_TR","og_type":"article","og_title":"Duygu \u0130lan\u0131 Olu\u015ftur - Nevist\u00e2n","og_description":"Duygular\u0131n\u0131z\u0131 ki\u015fiye \u00f6zel ilan edebilece\u011finiz bir sayfa haz\u0131rlay\u0131n.","og_url":"https:\/\/nevistan.com\/?page_id=510","og_site_name":"Nevist\u00e2n","article_modified_time":"2026-02-09T13:13:42+00:00","twitter_card":"summary_large_image","twitter_misc":{"Tahmini okuma s\u00fcresi":"1 dakika"},"schema":{"@context":"https:\/\/schema.org","@graph":[{"@type":"WebPage","@id":"https:\/\/nevistan.com\/?page_id=510","url":"https:\/\/nevistan.com\/?page_id=510","name":"Duygu \u0130lan\u0131 Olu\u015ftur - Nevist\u00e2n","isPartOf":{"@id":"https:\/\/nevistan.com\/#website"},"datePublished":"2025-12-01T13:07:53+00:00","dateModified":"2026-02-09T13:13:42+00:00","description":"Duygular\u0131n\u0131z\u0131 ki\u015fiye \u00f6zel ilan edebilece\u011finiz bir sayfa haz\u0131rlay\u0131n.","breadcrumb":{"@id":"https:\/\/nevistan.com\/?page_id=510#breadcrumb"},"inLanguage":"tr","potentialAction":[{"@type":"ReadAction","target":["https:\/\/nevistan.com\/?page_id=510"]}]},{"@type":"BreadcrumbList","@id":"https:\/\/nevistan.com\/?page_id=510#breadcrumb","itemListElement":[{"@type":"ListItem","position":1,"name":"Anasayfa","item":"https:\/\/nevistan.com\/"},{"@type":"ListItem","position":2,"name":"Yaz\u0131l\u0131m","item":"https:\/\/nevistan.com\/?page_id=449"},{"@type":"ListItem","position":3,"name":"Duygu \u0130lan\u0131 Olu\u015ftur"}]},{"@type":"WebSite","@id":"https:\/\/nevistan.com\/#website","url":"https:\/\/nevistan.com\/","name":"nevistan","description":"","potentialAction":[{"@type":"SearchAction","target":{"@type":"EntryPoint","urlTemplate":"https:\/\/nevistan.com\/?s={search_term_string}"},"query-input":{"@type":"PropertyValueSpecification","valueRequired":true,"valueName":"search_term_string"}}],"inLanguage":"tr"}]}},"_links":{"self":[{"href":"https:\/\/nevistan.com\/index.php?rest_route=\/wp\/v2\/pages\/510","targetHints":{"allow":["GET"]}}],"collection":[{"href":"https:\/\/nevistan.com\/index.php?rest_route=\/wp\/v2\/pages"}],"about":[{"href":"https:\/\/nevistan.com\/index.php?rest_route=\/wp\/v2\/types\/page"}],"author":[{"embeddable":true,"href":"https:\/\/nevistan.com\/index.php?rest_route=\/wp\/v2\/users\/2"}],"replies":[{"embeddable":true,"href":"https:\/\/nevistan.com\/index.php?rest_route=%2Fwp%2Fv2%2Fcomments&post=510"}],"version-history":[{"count":3,"href":"https:\/\/nevistan.com\/index.php?rest_route=\/wp\/v2\/pages\/510\/revisions"}],"predecessor-version":[{"id":717,"href":"https:\/\/nevistan.com\/index.php?rest_route=\/wp\/v2\/pages\/510\/revisions\/717"}],"up":[{"embeddable":true,"href":"https:\/\/nevistan.com\/index.php?rest_route=\/wp\/v2\/pages\/449"}],"wp:attachment":[{"href":"https:\/\/nevistan.com\/index.php?rest_route=%2Fwp%2Fv2%2Fmedia&parent=510"}],"curies":[{"name":"wp","href":"https:\/\/api.w.org\/{rel}","templated":true}]}}