{"id":31,"date":"2025-01-23T20:07:42","date_gmt":"2025-01-23T20:07:42","guid":{"rendered":"https:\/\/nevistan.com\/?page_id=31"},"modified":"2025-12-15T13:58:14","modified_gmt":"2025-12-15T13:58:14","slug":"hakkimda","status":"publish","type":"page","link":"https:\/\/nevistan.com\/?page_id=31","title":{"rendered":"Hakk\u0131mda"},"content":{"rendered":"\n<h3 class=\"wp-block-heading\"><\/h3>\n\n\n\n<div class=\"wp-block-columns alignwide are-vertically-aligned-center is-layout-flex wp-container-core-columns-is-layout-9d6595d7 wp-block-columns-is-layout-flex\">\n<div class=\"wp-block-column is-vertically-aligned-center is-layout-flow wp-block-column-is-layout-flow\" style=\"flex-basis:100%\">\n<figure class=\"wp-block-image size-full\"><img loading=\"lazy\" decoding=\"async\" width=\"1024\" height=\"768\" src=\"https:\/\/nevistan.com\/wp-content\/uploads\/2025\/12\/ChatGPT-Image-15-Ara-2025-16_55_39-edited.png\" alt=\"\" class=\"wp-image-631\" srcset=\"https:\/\/nevistan.com\/wp-content\/uploads\/2025\/12\/ChatGPT-Image-15-Ara-2025-16_55_39-edited.png 1024w, https:\/\/nevistan.com\/wp-content\/uploads\/2025\/12\/ChatGPT-Image-15-Ara-2025-16_55_39-edited-300x225.png 300w, https:\/\/nevistan.com\/wp-content\/uploads\/2025\/12\/ChatGPT-Image-15-Ara-2025-16_55_39-edited-768x576.png 768w\" sizes=\"auto, (max-width: 1024px) 100vw, 1024px\" \/><\/figure>\n<\/div>\n<\/div>\n\n\n\n<p>Ben Zeynep.<br>Hayat\u0131m tek bir ba\u015fl\u0131k alt\u0131nda toplanamayacak kadar katmanl\u0131; ama t\u00fcm bu katmanlar\u0131n merkezinde <strong>\u00f6\u011frenme, \u00fcretme ve d\u00f6n\u00fc\u015fme iste\u011fi<\/strong> var.<\/p>\n\n\n\n<p>M\u00fchendislik ge\u00e7mi\u015fine sahip bir anne olarak, bir yandan teknik d\u00fc\u015f\u00fcnmeyi ve problem \u00e7\u00f6zmeyi seviyor; di\u011fer yandan hayat\u0131n i\u00e7inden, evden, mutfaktan, annelikten ve g\u00fcndelik \u00fcretimden kopmak istemiyorum. Yaz\u0131l\u0131m, 3D tasar\u0131m ve 3D yaz\u0131c\u0131 projeleri benim i\u00e7in yaln\u0131zca teknik alanlar de\u011fil; \u201cyapabilirim\u201d duygusunu diri tutan \u00fcretim alanlar\u0131.<\/p>\n\n\n\n<p>Evde olmay\u0131 pasif bir durak de\u011fil, aktif bir \u00fcretim alan\u0131 olarak g\u00f6r\u00fcyorum. Yenilik\u00e7i ev han\u0131ml\u0131\u011f\u0131, deneye deneye \u00f6\u011frenilen annelik ve k\u00fc\u00e7\u00fck ama istikrarl\u0131 ad\u0131mlarla ilerleyen ki\u015fisel geli\u015fim bu yolculu\u011fun do\u011fal par\u00e7alar\u0131. Bir \u015feyi m\u00fckemmel yapmak yerine, <strong>ba\u015flayabilmeyi<\/strong> ve devam edebilmeyi \u00f6nemsiyorum.<\/p>\n\n\n\n<p>Bu blogda ayn\u0131 zamanda inan\u00e7la kurdu\u011fum ba\u011f da yer al\u0131yor. \u0130slam yolunda kalabilmek ad\u0131na edindi\u011fim ilm\u00ee kazan\u0131mlar, okudu\u011fum kitaplar, izledi\u011fim film ve diziler \u00fczerine d\u00fc\u015f\u00fcnceler; benim i\u00e7in sadece i\u00e7erik de\u011fil, bir i\u00e7 muhasebe alan\u0131. Burada yaz\u0131lan her \u015fey, zihnimde ve kalbimde yank\u0131 bulan sorular\u0131n ve cevap aray\u0131\u015flar\u0131n\u0131n bir yans\u0131mas\u0131.<\/p>\n\n\n\n<p>Ben b\u00fcy\u00fck iddialar\u0131n de\u011fil, <strong>istikrar\u0131n<\/strong> insan\u0131y\u0131m.<br>Sessiz ama kararl\u0131 bir \u015fekilde \u00f6\u011frenmeye, \u00fcretmeye ve kendime yeni kap\u0131lar a\u00e7maya devam ediyorum.<\/p>\n\n\n\n<p>Buras\u0131 kusursuz bir vitrin de\u011fil;<br>ger\u00e7ek bir yolculu\u011fun, dijital bir kayd\u0131.<\/p>\n\n\n<div class=\"wp-block-post-date\"><time datetime=\"2025-01-23T20:07:42+00:00\">23 Ocak 2025<\/time><\/div>\n\n\n<p><\/p>\n","protected":false},"excerpt":{"rendered":"<p>Ben Zeynep.Hayat\u0131m tek bir ba\u015fl\u0131k alt\u0131nda toplanamayacak kadar katmanl\u0131; ama t\u00fcm bu katmanlar\u0131n merkezinde \u00f6\u011frenme, \u00fcretme ve d\u00f6n\u00fc\u015fme iste\u011fi var. M\u00fchendislik ge\u00e7mi\u015fine sahip bir anne olarak, bir yandan teknik d\u00fc\u015f\u00fcnmeyi ve problem \u00e7\u00f6zmeyi seviyor; di\u011fer &hellip; <\/p>\n","protected":false},"author":2,"featured_media":0,"parent":0,"menu_order":0,"comment_status":"closed","ping_status":"closed","template":"","meta":{"footnotes":""},"class_list":["post-31","page","type-page","status-publish","hentry","has-single-img"],"yoast_head":"<!-- This site is optimized with the Yoast SEO plugin v27.1.1 - https:\/\/yoast.com\/product\/yoast-seo-wordpress\/ -->\n<title>Hakk\u0131mda - Nevist\u00e2n<\/title>\n<meta name=\"description\" content=\"Zeynep\u2019in m\u00fchendislikten anneli\u011fe uzanan \u00fcretim yolculu\u011fu; yaz\u0131l\u0131m, 3D tasar\u0131m, ev hayat\u0131, okuma notlar\u0131 ve inan\u00e7 eksenli payla\u015f\u0131mlar.\" \/>\n<meta name=\"robots\" content=\"index, follow, max-snippet:-1, max-image-preview:large, max-video-preview:-1\" \/>\n<link rel=\"canonical\" href=\"https:\/\/nevistan.com\/?page_id=31\" \/>\n<meta property=\"og:locale\" content=\"tr_TR\" \/>\n<meta property=\"og:type\" content=\"article\" \/>\n<meta property=\"og:title\" content=\"Hakk\u0131mda - Nevist\u00e2n\" \/>\n<meta property=\"og:description\" content=\"Zeynep\u2019in m\u00fchendislikten anneli\u011fe uzanan \u00fcretim yolculu\u011fu; yaz\u0131l\u0131m, 3D tasar\u0131m, ev hayat\u0131, okuma notlar\u0131 ve inan\u00e7 eksenli payla\u015f\u0131mlar.\" \/>\n<meta property=\"og:url\" content=\"https:\/\/nevistan.com\/?page_id=31\" \/>\n<meta property=\"og:site_name\" content=\"Nevist\u00e2n\" \/>\n<meta property=\"article:modified_time\" content=\"2025-12-15T13:58:14+00:00\" \/>\n<meta property=\"og:image\" content=\"https:\/\/nevistan.com\/wp-content\/uploads\/2025\/12\/ChatGPT-Image-15-Ara-2025-16_55_39-edited.png\" \/>\n\t<meta property=\"og:image:width\" content=\"1024\" \/>\n\t<meta property=\"og:image:height\" content=\"768\" \/>\n\t<meta property=\"og:image:type\" content=\"image\/png\" \/>\n<meta name=\"twitter:card\" content=\"summary_large_image\" \/>\n<meta name=\"twitter:label1\" content=\"Tahmini okuma s\u00fcresi\" \/>\n\t<meta name=\"twitter:data1\" content=\"2 dakika\" \/>\n<script type=\"application\/ld+json\" class=\"yoast-schema-graph\">{\"@context\":\"https:\/\/schema.org\",\"@graph\":[{\"@type\":\"WebPage\",\"@id\":\"https:\/\/nevistan.com\/?page_id=31\",\"url\":\"https:\/\/nevistan.com\/?page_id=31\",\"name\":\"Hakk\u0131mda - Nevist\u00e2n\",\"isPartOf\":{\"@id\":\"https:\/\/nevistan.com\/#website\"},\"primaryImageOfPage\":{\"@id\":\"https:\/\/nevistan.com\/?page_id=31#primaryimage\"},\"image\":{\"@id\":\"https:\/\/nevistan.com\/?page_id=31#primaryimage\"},\"thumbnailUrl\":\"https:\/\/nevistan.com\/wp-content\/uploads\/2025\/12\/ChatGPT-Image-15-Ara-2025-16_55_39-edited.png\",\"datePublished\":\"2025-01-23T20:07:42+00:00\",\"dateModified\":\"2025-12-15T13:58:14+00:00\",\"description\":\"Zeynep\u2019in m\u00fchendislikten anneli\u011fe uzanan \u00fcretim yolculu\u011fu; yaz\u0131l\u0131m, 3D tasar\u0131m, ev hayat\u0131, okuma notlar\u0131 ve inan\u00e7 eksenli payla\u015f\u0131mlar.\",\"breadcrumb\":{\"@id\":\"https:\/\/nevistan.com\/?page_id=31#breadcrumb\"},\"inLanguage\":\"tr\",\"potentialAction\":[{\"@type\":\"ReadAction\",\"target\":[\"https:\/\/nevistan.com\/?page_id=31\"]}]},{\"@type\":\"ImageObject\",\"inLanguage\":\"tr\",\"@id\":\"https:\/\/nevistan.com\/?page_id=31#primaryimage\",\"url\":\"https:\/\/nevistan.com\/wp-content\/uploads\/2025\/12\/ChatGPT-Image-15-Ara-2025-16_55_39-edited.png\",\"contentUrl\":\"https:\/\/nevistan.com\/wp-content\/uploads\/2025\/12\/ChatGPT-Image-15-Ara-2025-16_55_39-edited.png\",\"width\":1024,\"height\":768},{\"@type\":\"BreadcrumbList\",\"@id\":\"https:\/\/nevistan.com\/?page_id=31#breadcrumb\",\"itemListElement\":[{\"@type\":\"ListItem\",\"position\":1,\"name\":\"Anasayfa\",\"item\":\"https:\/\/nevistan.com\/\"},{\"@type\":\"ListItem\",\"position\":2,\"name\":\"Hakk\u0131mda\"}]},{\"@type\":\"WebSite\",\"@id\":\"https:\/\/nevistan.com\/#website\",\"url\":\"https:\/\/nevistan.com\/\",\"name\":\"nevistan\",\"description\":\"\",\"potentialAction\":[{\"@type\":\"SearchAction\",\"target\":{\"@type\":\"EntryPoint\",\"urlTemplate\":\"https:\/\/nevistan.com\/?s={search_term_string}\"},\"query-input\":{\"@type\":\"PropertyValueSpecification\",\"valueRequired\":true,\"valueName\":\"search_term_string\"}}],\"inLanguage\":\"tr\"}]}<\/script>\n<!-- \/ Yoast SEO plugin. -->","yoast_head_json":{"title":"Hakk\u0131mda - Nevist\u00e2n","description":"Zeynep\u2019in m\u00fchendislikten anneli\u011fe uzanan \u00fcretim yolculu\u011fu; yaz\u0131l\u0131m, 3D tasar\u0131m, ev hayat\u0131, okuma notlar\u0131 ve inan\u00e7 eksenli payla\u015f\u0131mlar.","robots":{"index":"index","follow":"follow","max-snippet":"max-snippet:-1","max-image-preview":"max-image-preview:large","max-video-preview":"max-video-preview:-1"},"canonical":"https:\/\/nevistan.com\/?page_id=31","og_locale":"tr_TR","og_type":"article","og_title":"Hakk\u0131mda - Nevist\u00e2n","og_description":"Zeynep\u2019in m\u00fchendislikten anneli\u011fe uzanan \u00fcretim yolculu\u011fu; yaz\u0131l\u0131m, 3D tasar\u0131m, ev hayat\u0131, okuma notlar\u0131 ve inan\u00e7 eksenli payla\u015f\u0131mlar.","og_url":"https:\/\/nevistan.com\/?page_id=31","og_site_name":"Nevist\u00e2n","article_modified_time":"2025-12-15T13:58:14+00:00","og_image":[{"width":1024,"height":768,"url":"https:\/\/nevistan.com\/wp-content\/uploads\/2025\/12\/ChatGPT-Image-15-Ara-2025-16_55_39-edited.png","type":"image\/png"}],"twitter_card":"summary_large_image","twitter_misc":{"Tahmini okuma s\u00fcresi":"2 dakika"},"schema":{"@context":"https:\/\/schema.org","@graph":[{"@type":"WebPage","@id":"https:\/\/nevistan.com\/?page_id=31","url":"https:\/\/nevistan.com\/?page_id=31","name":"Hakk\u0131mda - Nevist\u00e2n","isPartOf":{"@id":"https:\/\/nevistan.com\/#website"},"primaryImageOfPage":{"@id":"https:\/\/nevistan.com\/?page_id=31#primaryimage"},"image":{"@id":"https:\/\/nevistan.com\/?page_id=31#primaryimage"},"thumbnailUrl":"https:\/\/nevistan.com\/wp-content\/uploads\/2025\/12\/ChatGPT-Image-15-Ara-2025-16_55_39-edited.png","datePublished":"2025-01-23T20:07:42+00:00","dateModified":"2025-12-15T13:58:14+00:00","description":"Zeynep\u2019in m\u00fchendislikten anneli\u011fe uzanan \u00fcretim yolculu\u011fu; yaz\u0131l\u0131m, 3D tasar\u0131m, ev hayat\u0131, okuma notlar\u0131 ve inan\u00e7 eksenli payla\u015f\u0131mlar.","breadcrumb":{"@id":"https:\/\/nevistan.com\/?page_id=31#breadcrumb"},"inLanguage":"tr","potentialAction":[{"@type":"ReadAction","target":["https:\/\/nevistan.com\/?page_id=31"]}]},{"@type":"ImageObject","inLanguage":"tr","@id":"https:\/\/nevistan.com\/?page_id=31#primaryimage","url":"https:\/\/nevistan.com\/wp-content\/uploads\/2025\/12\/ChatGPT-Image-15-Ara-2025-16_55_39-edited.png","contentUrl":"https:\/\/nevistan.com\/wp-content\/uploads\/2025\/12\/ChatGPT-Image-15-Ara-2025-16_55_39-edited.png","width":1024,"height":768},{"@type":"BreadcrumbList","@id":"https:\/\/nevistan.com\/?page_id=31#breadcrumb","itemListElement":[{"@type":"ListItem","position":1,"name":"Anasayfa","item":"https:\/\/nevistan.com\/"},{"@type":"ListItem","position":2,"name":"Hakk\u0131mda"}]},{"@type":"WebSite","@id":"https:\/\/nevistan.com\/#website","url":"https:\/\/nevistan.com\/","name":"nevistan","description":"","potentialAction":[{"@type":"SearchAction","target":{"@type":"EntryPoint","urlTemplate":"https:\/\/nevistan.com\/?s={search_term_string}"},"query-input":{"@type":"PropertyValueSpecification","valueRequired":true,"valueName":"search_term_string"}}],"inLanguage":"tr"}]}},"_links":{"self":[{"href":"https:\/\/nevistan.com\/index.php?rest_route=\/wp\/v2\/pages\/31","targetHints":{"allow":["GET"]}}],"collection":[{"href":"https:\/\/nevistan.com\/index.php?rest_route=\/wp\/v2\/pages"}],"about":[{"href":"https:\/\/nevistan.com\/index.php?rest_route=\/wp\/v2\/types\/page"}],"author":[{"embeddable":true,"href":"https:\/\/nevistan.com\/index.php?rest_route=\/wp\/v2\/users\/2"}],"replies":[{"embeddable":true,"href":"https:\/\/nevistan.com\/index.php?rest_route=%2Fwp%2Fv2%2Fcomments&post=31"}],"version-history":[{"count":5,"href":"https:\/\/nevistan.com\/index.php?rest_route=\/wp\/v2\/pages\/31\/revisions"}],"predecessor-version":[{"id":632,"href":"https:\/\/nevistan.com\/index.php?rest_route=\/wp\/v2\/pages\/31\/revisions\/632"}],"wp:attachment":[{"href":"https:\/\/nevistan.com\/index.php?rest_route=%2Fwp%2Fv2%2Fmedia&parent=31"}],"curies":[{"name":"wp","href":"https:\/\/api.w.org\/{rel}","templated":true}]}}