{"id":29,"date":"2025-01-15T20:27:11","date_gmt":"2025-01-15T20:27:11","guid":{"rendered":"https:\/\/nevistan.com\/?page_id=29"},"modified":"2026-02-14T12:46:04","modified_gmt":"2026-02-14T12:46:04","slug":"anasayfa","status":"publish","type":"page","link":"https:\/\/nevistan.com\/","title":{"rendered":"Anasayfa"},"content":{"rendered":"\n<script async src=\"https:\/\/pagead2.googlesyndication.com\/pagead\/js\/adsbygoogle.js?client=ca-pub-2355024308008127\"\n     crossorigin=\"anonymous\"><\/script>\n<ins class=\"adsbygoogle\"\n     style=\"display:block; text-align:center;\"\n     data-ad-layout=\"in-article\"\n     data-ad-format=\"fluid\"\n     data-ad-client=\"ca-pub-2355024308008127\"\n     data-ad-slot=\"9616113757\"><\/ins>\n<script>\n     (adsbygoogle = window.adsbygoogle || []).push({});\n<\/script>\n\n\n\n<meta name=\"p:domain_verify\" content=\"d0e8534ef2de36eca120e8bde3abd6d6\"\/>\n\n\n\n<p><\/p>\n\n\n\n<div class=\"wp-block-group\" style=\"padding-top:30px;padding-right:30px;padding-bottom:30px;padding-left:30px\"><div class=\"wp-block-group__inner-container is-layout-flow wp-block-group-is-layout-flow\">\n<div class=\"wp-block-columns is-layout-flex wp-container-core-columns-is-layout-9d6595d7 wp-block-columns-is-layout-flex\">\n<div class=\"wp-block-column is-layout-flow wp-block-column-is-layout-flow\" style=\"flex-basis:50%\">\n<div class=\"wp-block-query is-layout-flow wp-block-query-is-layout-flow\"><ul class=\"wp-block-post-template is-layout-flow wp-block-post-template-is-layout-flow\"><li class=\"wp-block-post post-727 post type-post status-publish format-standard has-post-thumbnail hentry category-teknoloji has-single-img\">\n<figure class=\"wp-block-post-featured-image\"><img loading=\"lazy\" decoding=\"async\" width=\"1024\" height=\"1024\" src=\"https:\/\/nevistan.com\/wp-content\/uploads\/2026\/03\/drina_one_cikan.png\" class=\"attachment-post-thumbnail size-post-thumbnail wp-post-image\" alt=\"\" style=\"object-fit:cover;\" srcset=\"https:\/\/nevistan.com\/wp-content\/uploads\/2026\/03\/drina_one_cikan.png 1024w, https:\/\/nevistan.com\/wp-content\/uploads\/2026\/03\/drina_one_cikan-300x300.png 300w, https:\/\/nevistan.com\/wp-content\/uploads\/2026\/03\/drina_one_cikan-150x150.png 150w, https:\/\/nevistan.com\/wp-content\/uploads\/2026\/03\/drina_one_cikan-768x768.png 768w\" sizes=\"auto, (max-width: 1024px) 100vw, 1024px\" \/><\/figure>\n\n<h2 class=\"wp-block-post-title\">Bir \u015eehrin Kalbi, Bir Tarihin Tan\u0131\u011f\u0131: Drina K\u00f6pr\u00fcs\u00fc Kitap Tahlili<\/h2>\n\n<div class=\"wp-block-post-date\"><time datetime=\"2026-03-02T21:29:03+00:00\">2 Mart 2026<\/time><\/div>\n\n\n<div style=\"height:200px\" aria-hidden=\"true\" class=\"wp-block-spacer\"><\/div>\n\n<\/li><li class=\"wp-block-post post-712 post type-post status-publish format-standard has-post-thumbnail hentry category-nevistan_atolyesi tag-atolye tag-duyguilani tag-nevistan has-single-img\">\n<figure class=\"wp-block-post-featured-image\"><img loading=\"lazy\" decoding=\"async\" width=\"1024\" height=\"1024\" src=\"https:\/\/nevistan.com\/wp-content\/uploads\/2025\/12\/ChatGPT-Image-16-Ara-2025-14_57_18.png\" class=\"attachment-post-thumbnail size-post-thumbnail wp-post-image\" alt=\"\" style=\"object-fit:cover;\" srcset=\"https:\/\/nevistan.com\/wp-content\/uploads\/2025\/12\/ChatGPT-Image-16-Ara-2025-14_57_18.png 1024w, https:\/\/nevistan.com\/wp-content\/uploads\/2025\/12\/ChatGPT-Image-16-Ara-2025-14_57_18-300x300.png 300w, https:\/\/nevistan.com\/wp-content\/uploads\/2025\/12\/ChatGPT-Image-16-Ara-2025-14_57_18-150x150.png 150w, https:\/\/nevistan.com\/wp-content\/uploads\/2025\/12\/ChatGPT-Image-16-Ara-2025-14_57_18-768x768.png 768w\" sizes=\"auto, (max-width: 1024px) 100vw, 1024px\" \/><\/figure>\n\n<h2 class=\"wp-block-post-title\">Nevistan Duygu \u0130lan\u0131: Duygular\u0131n\u0131z\u0131 Payla\u015fman\u0131n En \u015e\u0131k ve Dijital Yolu<\/h2>\n\n<div class=\"wp-block-post-date\"><time datetime=\"2026-02-09T13:12:35+00:00\">9 \u015eubat 2026<\/time><\/div>\n\n\n<div style=\"height:200px\" aria-hidden=\"true\" class=\"wp-block-spacer\"><\/div>\n\n<\/li><\/ul><\/div>\n<\/div>\n\n\n\n<div class=\"wp-block-column is-layout-flow wp-block-column-is-layout-flow\" style=\"flex-basis:50%\">\n<div class=\"wp-block-query is-layout-flow wp-block-query-is-layout-flow\"><ul class=\"wp-block-post-template is-layout-flow wp-block-post-template-is-layout-flow\"><li class=\"wp-block-post post-699 post type-post status-publish format-standard has-post-thumbnail hentry category-teknoloji category-yazilim tag-atolye tag-sozlerinmesafesi tag-yazilim has-single-img\">\n\n<div style=\"height:200px\" aria-hidden=\"true\" class=\"wp-block-spacer\"><\/div>\n\n\n<figure class=\"wp-block-post-featured-image\"><img loading=\"lazy\" decoding=\"async\" width=\"875\" height=\"820\" src=\"https:\/\/nevistan.com\/wp-content\/uploads\/2026\/02\/Ekran-goruntusu-2026-02-09-153533.png\" class=\"attachment-post-thumbnail size-post-thumbnail wp-post-image\" alt=\"\" style=\"object-fit:cover;\" srcset=\"https:\/\/nevistan.com\/wp-content\/uploads\/2026\/02\/Ekran-goruntusu-2026-02-09-153533.png 875w, https:\/\/nevistan.com\/wp-content\/uploads\/2026\/02\/Ekran-goruntusu-2026-02-09-153533-300x281.png 300w, https:\/\/nevistan.com\/wp-content\/uploads\/2026\/02\/Ekran-goruntusu-2026-02-09-153533-768x720.png 768w\" sizes=\"auto, (max-width: 875px) 100vw, 875px\" \/><\/figure>\n\n<h2 class=\"wp-block-post-title\">S\u00f6zlerin Mesafesi Similasyonu<\/h2>\n\n<div class=\"wp-block-post-date\"><time datetime=\"2026-02-08T20:48:21+00:00\">8 \u015eubat 2026<\/time><\/div>\n<\/li><li class=\"wp-block-post post-691 post type-post status-publish format-standard has-post-thumbnail hentry category-nevistan_atolyesi tag-atolye tag-iliski tag-mesafe tag-sozler has-single-img\">\n\n<div style=\"height:200px\" aria-hidden=\"true\" class=\"wp-block-spacer\"><\/div>\n\n\n<figure class=\"wp-block-post-featured-image\"><img loading=\"lazy\" decoding=\"async\" width=\"1024\" height=\"1024\" src=\"https:\/\/nevistan.com\/wp-content\/uploads\/2026\/02\/ChatGPT-Image-9-Sub-2026-16_09_07.png\" class=\"attachment-post-thumbnail size-post-thumbnail wp-post-image\" alt=\"\" style=\"object-fit:cover;\" srcset=\"https:\/\/nevistan.com\/wp-content\/uploads\/2026\/02\/ChatGPT-Image-9-Sub-2026-16_09_07.png 1024w, https:\/\/nevistan.com\/wp-content\/uploads\/2026\/02\/ChatGPT-Image-9-Sub-2026-16_09_07-300x300.png 300w, https:\/\/nevistan.com\/wp-content\/uploads\/2026\/02\/ChatGPT-Image-9-Sub-2026-16_09_07-150x150.png 150w, https:\/\/nevistan.com\/wp-content\/uploads\/2026\/02\/ChatGPT-Image-9-Sub-2026-16_09_07-768x768.png 768w\" sizes=\"auto, (max-width: 1024px) 100vw, 1024px\" \/><\/figure>\n\n<h2 class=\"wp-block-post-title\">S\u00f6zlerin Mesafesi<\/h2>\n\n<div class=\"wp-block-post-date\"><time datetime=\"2026-02-06T22:21:51+00:00\">6 \u015eubat 2026<\/time><\/div>\n<\/li><\/ul><\/div>\n<\/div>\n<\/div>\n<\/div><\/div>\n\n\n\n<div class=\"wp-block-cover alignfull is-light\" style=\"min-height:100vh;aspect-ratio:unset;\"><span aria-hidden=\"true\" class=\"wp-block-cover__background has-background-dim-100 has-background-dim\" style=\"background-color:#ffffff\"><\/span><div class=\"wp-block-cover__inner-container is-layout-flow wp-block-cover-is-layout-flow\">\n<div class=\"wp-block-columns alignfull is-layout-flex wp-container-core-columns-is-layout-9d6595d7 wp-block-columns-is-layout-flex\">\n<div class=\"wp-block-column is-layout-flow wp-block-column-is-layout-flow\" style=\"flex-basis:66.66%\"><div class=\"wp-block-image\">\n<figure class=\"aligncenter size-full is-resized\"><img loading=\"lazy\" decoding=\"async\" width=\"1024\" height=\"1024\" src=\"https:\/\/nevistan.com\/wp-content\/uploads\/2025\/12\/ChatGPT-Image-15-Ara-2025-16_55_39.png\" alt=\"\" class=\"wp-image-630\" style=\"width:801px;height:auto\" srcset=\"https:\/\/nevistan.com\/wp-content\/uploads\/2025\/12\/ChatGPT-Image-15-Ara-2025-16_55_39.png 1024w, https:\/\/nevistan.com\/wp-content\/uploads\/2025\/12\/ChatGPT-Image-15-Ara-2025-16_55_39-300x300.png 300w, https:\/\/nevistan.com\/wp-content\/uploads\/2025\/12\/ChatGPT-Image-15-Ara-2025-16_55_39-150x150.png 150w, https:\/\/nevistan.com\/wp-content\/uploads\/2025\/12\/ChatGPT-Image-15-Ara-2025-16_55_39-768x768.png 768w\" sizes=\"auto, (max-width: 1024px) 100vw, 1024px\" \/><\/figure>\n<\/div><\/div>\n\n\n\n<div class=\"wp-block-column is-vertically-aligned-center is-layout-flow wp-block-column-is-layout-flow\" style=\"flex-basis:33.33%\">\n<h2 class=\"wp-block-heading\">Hakk\u0131mda<\/h2>\n\n\n\n<p>Evde olmay\u0131 pasif bir durak de\u011fil, aktif bir \u00fcretim alan\u0131 olarak g\u00f6r\u00fcyorum. Yenilik\u00e7i ev han\u0131ml\u0131\u011f\u0131, deneye deneye \u00f6\u011frenilen annelik ve k\u00fc\u00e7\u00fck ama istikrarl\u0131 ad\u0131mlarla ilerleyen ki\u015fisel geli\u015fim bu yolculu\u011fun do\u011fal par\u00e7alar\u0131. Bir \u015feyi m\u00fckemmel yapmak yerine,\u00a0<strong>ba\u015flayabilmeyi<\/strong>\u00a0ve devam edebilmeyi \u00f6nemsiyorum.<\/p>\n\n\n\n<div class=\"wp-block-buttons is-layout-flex wp-block-buttons-is-layout-flex\">\n<div class=\"wp-block-button\"><a class=\"wp-block-button__link wp-element-button\" href=\"https:\/\/nevistan.com\/?page_id=31\">Devam\u0131&#8230;<\/a><\/div>\n<\/div>\n<\/div>\n<\/div>\n\n\n\n<p><\/p>\n<\/div><\/div>\n","protected":false},"excerpt":{"rendered":"","protected":false},"author":2,"featured_media":0,"parent":0,"menu_order":0,"comment_status":"closed","ping_status":"closed","template":"","meta":{"footnotes":""},"class_list":["post-29","page","type-page","status-publish","hentry","has-single-img"],"yoast_head":"<!-- This site is optimized with the Yoast SEO plugin v27.1.1 - https:\/\/yoast.com\/product\/yoast-seo-wordpress\/ -->\n<title>Anasayfa - Nevist\u00e2n<\/title>\n<meta name=\"description\" content=\"nevistan anasayfa\" \/>\n<meta name=\"robots\" content=\"index, follow, max-snippet:-1, max-image-preview:large, max-video-preview:-1\" \/>\n<link rel=\"canonical\" href=\"https:\/\/nevistan.com\/\" \/>\n<meta property=\"og:locale\" content=\"tr_TR\" \/>\n<meta property=\"og:type\" content=\"article\" \/>\n<meta property=\"og:title\" content=\"Anasayfa - Nevist\u00e2n\" \/>\n<meta property=\"og:description\" content=\"nevistan anasayfa\" \/>\n<meta property=\"og:url\" content=\"https:\/\/nevistan.com\/\" \/>\n<meta property=\"og:site_name\" content=\"Nevist\u00e2n\" \/>\n<meta property=\"article:modified_time\" content=\"2026-02-14T12:46:04+00:00\" \/>\n<meta property=\"og:image\" content=\"https:\/\/nevistan.com\/wp-content\/uploads\/2025\/12\/ChatGPT-Image-15-Ara-2025-16_55_39.png\" \/>\n<meta name=\"twitter:card\" content=\"summary_large_image\" \/>\n<meta name=\"twitter:label1\" content=\"Tahmini okuma s\u00fcresi\" \/>\n\t<meta name=\"twitter:data1\" content=\"1 dakika\" \/>\n<script type=\"application\/ld+json\" class=\"yoast-schema-graph\">{\"@context\":\"https:\/\/schema.org\",\"@graph\":[{\"@type\":\"WebPage\",\"@id\":\"https:\/\/nevistan.com\/\",\"url\":\"https:\/\/nevistan.com\/\",\"name\":\"Anasayfa - Nevist\u00e2n\",\"isPartOf\":{\"@id\":\"https:\/\/nevistan.com\/#website\"},\"primaryImageOfPage\":{\"@id\":\"https:\/\/nevistan.com\/#primaryimage\"},\"image\":{\"@id\":\"https:\/\/nevistan.com\/#primaryimage\"},\"thumbnailUrl\":\"https:\/\/nevistan.com\/wp-content\/uploads\/2025\/12\/ChatGPT-Image-15-Ara-2025-16_55_39.png\",\"datePublished\":\"2025-01-15T20:27:11+00:00\",\"dateModified\":\"2026-02-14T12:46:04+00:00\",\"description\":\"nevistan anasayfa\",\"breadcrumb\":{\"@id\":\"https:\/\/nevistan.com\/#breadcrumb\"},\"inLanguage\":\"tr\",\"potentialAction\":[{\"@type\":\"ReadAction\",\"target\":[\"https:\/\/nevistan.com\/\"]}]},{\"@type\":\"ImageObject\",\"inLanguage\":\"tr\",\"@id\":\"https:\/\/nevistan.com\/#primaryimage\",\"url\":\"https:\/\/nevistan.com\/wp-content\/uploads\/2025\/12\/ChatGPT-Image-15-Ara-2025-16_55_39.png\",\"contentUrl\":\"https:\/\/nevistan.com\/wp-content\/uploads\/2025\/12\/ChatGPT-Image-15-Ara-2025-16_55_39.png\",\"width\":1024,\"height\":1024},{\"@type\":\"BreadcrumbList\",\"@id\":\"https:\/\/nevistan.com\/#breadcrumb\",\"itemListElement\":[{\"@type\":\"ListItem\",\"position\":1,\"name\":\"Anasayfa\",\"item\":\"https:\/\/nevistan.com\/\"},{\"@type\":\"ListItem\",\"position\":2,\"name\":\"Anasayfa\"}]},{\"@type\":\"WebSite\",\"@id\":\"https:\/\/nevistan.com\/#website\",\"url\":\"https:\/\/nevistan.com\/\",\"name\":\"nevistan\",\"description\":\"\",\"potentialAction\":[{\"@type\":\"SearchAction\",\"target\":{\"@type\":\"EntryPoint\",\"urlTemplate\":\"https:\/\/nevistan.com\/?s={search_term_string}\"},\"query-input\":{\"@type\":\"PropertyValueSpecification\",\"valueRequired\":true,\"valueName\":\"search_term_string\"}}],\"inLanguage\":\"tr\"}]}<\/script>\n<!-- \/ Yoast SEO plugin. -->","yoast_head_json":{"title":"Anasayfa - Nevist\u00e2n","description":"nevistan anasayfa","robots":{"index":"index","follow":"follow","max-snippet":"max-snippet:-1","max-image-preview":"max-image-preview:large","max-video-preview":"max-video-preview:-1"},"canonical":"https:\/\/nevistan.com\/","og_locale":"tr_TR","og_type":"article","og_title":"Anasayfa - Nevist\u00e2n","og_description":"nevistan anasayfa","og_url":"https:\/\/nevistan.com\/","og_site_name":"Nevist\u00e2n","article_modified_time":"2026-02-14T12:46:04+00:00","og_image":[{"url":"https:\/\/nevistan.com\/wp-content\/uploads\/2025\/12\/ChatGPT-Image-15-Ara-2025-16_55_39.png","type":"","width":"","height":""}],"twitter_card":"summary_large_image","twitter_misc":{"Tahmini okuma s\u00fcresi":"1 dakika"},"schema":{"@context":"https:\/\/schema.org","@graph":[{"@type":"WebPage","@id":"https:\/\/nevistan.com\/","url":"https:\/\/nevistan.com\/","name":"Anasayfa - Nevist\u00e2n","isPartOf":{"@id":"https:\/\/nevistan.com\/#website"},"primaryImageOfPage":{"@id":"https:\/\/nevistan.com\/#primaryimage"},"image":{"@id":"https:\/\/nevistan.com\/#primaryimage"},"thumbnailUrl":"https:\/\/nevistan.com\/wp-content\/uploads\/2025\/12\/ChatGPT-Image-15-Ara-2025-16_55_39.png","datePublished":"2025-01-15T20:27:11+00:00","dateModified":"2026-02-14T12:46:04+00:00","description":"nevistan anasayfa","breadcrumb":{"@id":"https:\/\/nevistan.com\/#breadcrumb"},"inLanguage":"tr","potentialAction":[{"@type":"ReadAction","target":["https:\/\/nevistan.com\/"]}]},{"@type":"ImageObject","inLanguage":"tr","@id":"https:\/\/nevistan.com\/#primaryimage","url":"https:\/\/nevistan.com\/wp-content\/uploads\/2025\/12\/ChatGPT-Image-15-Ara-2025-16_55_39.png","contentUrl":"https:\/\/nevistan.com\/wp-content\/uploads\/2025\/12\/ChatGPT-Image-15-Ara-2025-16_55_39.png","width":1024,"height":1024},{"@type":"BreadcrumbList","@id":"https:\/\/nevistan.com\/#breadcrumb","itemListElement":[{"@type":"ListItem","position":1,"name":"Anasayfa","item":"https:\/\/nevistan.com\/"},{"@type":"ListItem","position":2,"name":"Anasayfa"}]},{"@type":"WebSite","@id":"https:\/\/nevistan.com\/#website","url":"https:\/\/nevistan.com\/","name":"nevistan","description":"","potentialAction":[{"@type":"SearchAction","target":{"@type":"EntryPoint","urlTemplate":"https:\/\/nevistan.com\/?s={search_term_string}"},"query-input":{"@type":"PropertyValueSpecification","valueRequired":true,"valueName":"search_term_string"}}],"inLanguage":"tr"}]}},"_links":{"self":[{"href":"https:\/\/nevistan.com\/index.php?rest_route=\/wp\/v2\/pages\/29","targetHints":{"allow":["GET"]}}],"collection":[{"href":"https:\/\/nevistan.com\/index.php?rest_route=\/wp\/v2\/pages"}],"about":[{"href":"https:\/\/nevistan.com\/index.php?rest_route=\/wp\/v2\/types\/page"}],"author":[{"embeddable":true,"href":"https:\/\/nevistan.com\/index.php?rest_route=\/wp\/v2\/users\/2"}],"replies":[{"embeddable":true,"href":"https:\/\/nevistan.com\/index.php?rest_route=%2Fwp%2Fv2%2Fcomments&post=29"}],"version-history":[{"count":24,"href":"https:\/\/nevistan.com\/index.php?rest_route=\/wp\/v2\/pages\/29\/revisions"}],"predecessor-version":[{"id":725,"href":"https:\/\/nevistan.com\/index.php?rest_route=\/wp\/v2\/pages\/29\/revisions\/725"}],"wp:attachment":[{"href":"https:\/\/nevistan.com\/index.php?rest_route=%2Fwp%2Fv2%2Fmedia&parent=29"}],"curies":[{"name":"wp","href":"https:\/\/api.w.org\/{rel}","templated":true}]}}